{"id":15,"date":"2020-04-21T01:06:57","date_gmt":"2020-04-20T23:06:57","guid":{"rendered":"https:\/\/martineroffinella.fr\/creations\/?page_id=15"},"modified":"2026-03-06T09:50:55","modified_gmt":"2026-03-06T08:50:55","slug":"biblio-complete","status":"publish","type":"page","link":"https:\/\/martineroffinella.fr\/creations\/biblio-complete\/","title":{"rendered":"Bibliographie compl\u00e8te"},"content":{"rendered":"\n<p class=\"has-text-align-left has-medium-font-size\"><br><strong>Romans et r\u00e9cits<\/strong><\/p>\n\n\n\n<ul class=\"wp-block-list\">\n<li><em>Venise Off<\/em>, \u00e9d. le murmure, 2024<\/li>\n\n\n\n<li><em>Le cri de la morue<\/em>, \u00e9d. Les Heures Bleues, coll. Hors Chemins, 2022 (sous le pseudonyme de Ninon Sagace)<\/li>\n\n\n\n<li><em>Les Clo\u00eetr\u00e9s d&rsquo;Aurillac<\/em>, \u00e9d. H\u00e9liopoles, 2022<\/li>\n\n\n\n<li><dfn><em>Conservez comme vous aimez<\/em><\/dfn>, \u00e9d. Fran\u00e7ois Bourin, 2020<\/li>\n\n\n\n<li><dfn><em>Les hommes grillag\u00e9s<\/em><\/dfn>, H&amp;O \u00c9ditions, 2019<\/li>\n\n\n\n<li><dfn><em>Merveille au Mans<\/em><\/dfn>, \u00e9d. Les Lettres Mouchet\u00e9es, 2019<\/li>\n\n\n\n<li><dfn><em>Lesbian Cougar Story<\/em><\/dfn>, \u00e9d. La Musardine, 2019<\/li>\n\n\n\n<li><dfn><em>Kilogramme Z\u00e9ro<\/em><\/dfn>, 5 Sens \u00c9ditions, 2018<\/li>\n\n\n\n<li><dfn><em>Camisole-moi<\/em><\/dfn>, \u00e9d. Fran\u00e7ois Bourin, 2018<\/li>\n\n\n\n<li><dfn><em>L\u2019Impersonne<\/em><\/dfn>, \u00e9d. Fran\u00e7ois Bourin, 2017<\/li>\n\n\n\n<li><dfn><em>Rien entre nous<\/em><\/dfn>, \u00e9d. Sulliver, 2017<\/li>\n\n\n\n<li><dfn><em>\u00c9tat d\u2019un lieu d\u00e9sert<\/em><\/dfn>, \u00e9d. Sulliver, 2016<\/li>\n\n\n\n<li><em>Love,<\/em> \u00e9d. Ph\u00e9bus, 2013<\/li>\n\n\n\n<li><em>Trois Jours de  braise<\/em>, \u00e9d. Dominique Leroy, 2012<\/li>\n\n\n\n<li><em>Unes<\/em>, \u00e9d. Ph\u00e9bus, 2005<\/li>\n\n\n\n<li><em>Les Ind\u00e9cises<\/em>, \u00e9d. Ph\u00e9bus, 2002<\/li>\n\n\n\n<li><em>Le Fouet<\/em>, \u00e9d. Ph\u00e9bus, 2000 (puis 2009, coll. \u00ab\u00a0Points Seuil\u00a0\u00bb n\u00b0 P2077)<\/li>\n\n\n\n<li><em>Mise \u00e0 nu<\/em>, \u00e9d. Ph\u00e9bus, 1999<\/li>\n\n\n\n<li><em>Dans ton sillage<\/em>, \u00e9d. Cariscript, 1991<\/li>\n\n\n\n<li><em>Elle<\/em>, \u00e9d. Ph\u00e9bus, 1988 (puis 1999, coll. \u00ab <a href=\"http:\/\/www.editionslibretto.fr\/elle-martine-roffinella-9782752909343\" target=\"_blank\" rel=\"noreferrer noopener\">Libretto<\/a> \u00bb)<\/li>\n<\/ul>\n\n\n\n<p class=\"has-medium-font-size\"><strong>Nouvelles et histoires<\/strong><\/p>\n\n\n\n<ul class=\"wp-block-list\">\n<li><em>Petites Morts \u00e0 p\u00e9age<\/em>, \u00e9d. Tinbad, 2025<\/li>\n\n\n\n<li><em>Sang Fille<\/em>, \u00e9d. Rhubarbe, coll. \u00ab livres \u00e0 part \u00bb, 2017<\/li>\n\n\n\n<li><dfn><em>Recherches de fuite<\/em><\/dfn>, \u00e9d. Jean Paul Bayol, 2009<\/li>\n\n\n\n<li><dfn><em>Inconvenances<\/em><\/dfn>, \u00e9d. Ph\u00e9bus, 2004<\/li>\n<\/ul>\n\n\n\n<p class=\"has-medium-font-size\"><strong>Essais<\/strong><\/p>\n\n\n\n<ul class=\"wp-block-list\">\n<li><em>R\u00e9sister au racisme<\/em>, \u00e9d. le murmure, 2025<\/li>\n\n\n\n<li><em>J.-C. et Moi &#8211; Se cr\u00e9er d&rsquo;amour<\/em>, \u00e9d. Fran\u00e7ois Bourin, 2018<\/li>\n\n\n\n<li><em>Une soci\u00e9t\u00e9 secr\u00e8te<\/em>, \u00e9d. \u00c9moticourt, coll. \u00ab Essais &amp; Cie \u00bb, 2015<\/li>\n\n\n\n<li><dfn><em>Se trouver en quittant tabac, alcool et autres peurs de vivre<\/em><\/dfn>, \u00e9d. Le Mercure Dauphinois, 2014<\/li>\n<\/ul>\n\n\n\n<p class=\"has-medium-font-size\"><strong>Po\u00e9sie<\/strong><\/p>\n\n\n\n<ul class=\"wp-block-list\">\n<li><em>\u00c9clatilles<\/em>, \u00e9d. des Utopies, 2025<\/li>\n\n\n\n<li><em>Pour une absente<\/em>, \u00e9d. Rhubarbe, 2020<\/li>\n\n\n\n<li><em>Moments f\u00e9conds<\/em> (recueil collectif), \u00e9d. Folazil, 2020<\/li>\n\n\n\n<li><em>Les lieux d&rsquo;attente<\/em>, \u00e9d. de La Renarde Rouge, 1997<\/li>\n<\/ul>\n\n\n\n<p class=\"has-medium-font-size\"><strong>Th\u00e9\u00e2tre<\/strong><\/p>\n\n\n\n<ul class=\"wp-block-list\">\n<li><em>J&rsquo;ai dit Velours<\/em>, \u00e9d. Tarmac, 2026<\/li>\n<\/ul>\n\n\n\n<p><\/p>\n","protected":false},"excerpt":{"rendered":"<p>Romans et r\u00e9cits Nouvelles et histoires Essais Po\u00e9sie Th\u00e9\u00e2tre<\/p>\n","protected":false},"author":1,"featured_media":0,"parent":0,"menu_order":0,"comment_status":"closed","ping_status":"closed","template":"","meta":{"footnotes":""},"class_list":["post-15","page","type-page","status-publish","hentry"],"_links":{"self":[{"href":"https:\/\/martineroffinella.fr\/creations\/wp-json\/wp\/v2\/pages\/15","targetHints":{"allow":["GET"]}}],"collection":[{"href":"https:\/\/martineroffinella.fr\/creations\/wp-json\/wp\/v2\/pages"}],"about":[{"href":"https:\/\/martineroffinella.fr\/creations\/wp-json\/wp\/v2\/types\/page"}],"author":[{"embeddable":true,"href":"https:\/\/martineroffinella.fr\/creations\/wp-json\/wp\/v2\/users\/1"}],"replies":[{"embeddable":true,"href":"https:\/\/martineroffinella.fr\/creations\/wp-json\/wp\/v2\/comments?post=15"}],"version-history":[{"count":10,"href":"https:\/\/martineroffinella.fr\/creations\/wp-json\/wp\/v2\/pages\/15\/revisions"}],"predecessor-version":[{"id":2423,"href":"https:\/\/martineroffinella.fr\/creations\/wp-json\/wp\/v2\/pages\/15\/revisions\/2423"}],"wp:attachment":[{"href":"https:\/\/martineroffinella.fr\/creations\/wp-json\/wp\/v2\/media?parent=15"}],"curies":[{"name":"wp","href":"https:\/\/api.w.org\/{rel}","templated":true}]}}