{"id":2,"date":"2020-04-19T17:26:36","date_gmt":"2020-04-19T15:26:36","guid":{"rendered":"https:\/\/martineroffinella.fr\/creations\/?page_id=2"},"modified":"2026-03-06T09:42:27","modified_gmt":"2026-03-06T08:42:27","slug":"ecrivaine-photographe","status":"publish","type":"page","link":"https:\/\/martineroffinella.fr\/creations\/","title":{"rendered":""},"content":{"rendered":"\n<div style=\"height:40px\" aria-hidden=\"true\" class=\"wp-block-spacer\"><\/div>\n\n\n\n<div class=\"wp-block-columns are-vertically-aligned-top is-layout-flex wp-container-core-columns-is-layout-9d6595d7 wp-block-columns-is-layout-flex\">\n<div class=\"wp-block-column is-vertically-aligned-top is-layout-flow wp-block-column-is-layout-flow\">\n<div class=\"wp-block-columns are-vertically-aligned-center is-layout-flex wp-container-core-columns-is-layout-9d6595d7 wp-block-columns-is-layout-flex\">\n<div class=\"wp-block-column is-layout-flow wp-block-column-is-layout-flow\"><\/div>\n\n\n\n<div class=\"wp-block-column is-layout-flow wp-block-column-is-layout-flow\" style=\"flex-basis:300px\"><\/div>\n\n\n\n<div class=\"wp-block-column is-vertically-aligned-center is-layout-flow wp-block-column-is-layout-flow\" style=\"flex-basis:33.33%\">\n<h2 class=\"wp-block-heading\" style=\"font-size:34px\"><mark style=\"background-color:rgba(0, 0, 0, 0);color:#ad2e72\" class=\"has-inline-color\"><span class=\"tadv-color\" style=\"color:#bf1c58\"><em>\u00c9crivaine<\/em><\/span><\/mark><br><em>Photographe<\/em><\/h2>\n<\/div>\n\n\n\n<div class=\"wp-block-column is-vertically-aligned-center is-layout-flow wp-block-column-is-layout-flow\" style=\"flex-basis:66.66%\"><div class=\"wp-block-image\">\n<figure class=\"alignleft size-full is-resized\"><img loading=\"lazy\" decoding=\"async\" width=\"640\" height=\"480\" src=\"https:\/\/martineroffinella.fr\/creations\/wp-content\/uploads\/2025\/10\/VISUEL-SITE-10-2025.jpeg\" alt=\"\" class=\"wp-image-2356\" style=\"width:323px;height:auto\" srcset=\"https:\/\/martineroffinella.fr\/creations\/wp-content\/uploads\/2025\/10\/VISUEL-SITE-10-2025.jpeg 640w, https:\/\/martineroffinella.fr\/creations\/wp-content\/uploads\/2025\/10\/VISUEL-SITE-10-2025-300x225.jpeg 300w\" sizes=\"auto, (max-width: 640px) 100vw, 640px\" \/><\/figure><\/div><\/div>\n<\/div>\n\n\n\n<div style=\"height:40px\" aria-hidden=\"true\" class=\"wp-block-spacer\"><\/div>\n\n\n\n<div class=\"wp-block-columns are-vertically-aligned-center is-layout-flex wp-container-core-columns-is-layout-9d6595d7 wp-block-columns-is-layout-flex\">\n<div class=\"wp-block-column is-layout-flow wp-block-column-is-layout-flow\">\n<p class=\"has-text-align-center has-very-light-grey-color has-custom-color-2-background-color has-text-color has-background has-link-color wp-elements-c2444e5ead6e636d86fc10a12cac7226\" style=\"font-size:24px\"><strong>Nouveaut\u00e9 sortie le 5 mars !<\/strong><\/p>\n\n\n<div class=\"wp-block-image\">\n<figure class=\"alignright size-full\"><img loading=\"lazy\" decoding=\"async\" width=\"640\" height=\"438\" src=\"https:\/\/martineroffinella.fr\/creations\/wp-content\/uploads\/2026\/03\/Visuel-VELOURS.png\" alt=\"\" class=\"wp-image-2412\" srcset=\"https:\/\/martineroffinella.fr\/creations\/wp-content\/uploads\/2026\/03\/Visuel-VELOURS.png 640w, https:\/\/martineroffinella.fr\/creations\/wp-content\/uploads\/2026\/03\/Visuel-VELOURS-300x205.png 300w\" sizes=\"auto, (max-width: 640px) 100vw, 640px\" \/><figcaption class=\"wp-element-caption\"><strong><em>une pi\u00e8ce de th\u00e9\u00e2tre&#8230;<\/em><\/strong><\/figcaption><\/figure><\/div><\/div>\n\n\n\n<div class=\"wp-block-column is-vertically-aligned-center is-layout-flow wp-block-column-is-layout-flow\"><div class=\"wp-block-image\">\n<figure class=\"aligncenter size-full is-resized\"><img loading=\"lazy\" decoding=\"async\" width=\"399\" height=\"624\" src=\"https:\/\/martineroffinella.fr\/creations\/wp-content\/uploads\/2025\/12\/eclatillesNouveau.png\" alt=\"\" class=\"wp-image-2370\" style=\"width:341px;height:auto\" srcset=\"https:\/\/martineroffinella.fr\/creations\/wp-content\/uploads\/2025\/12\/eclatillesNouveau.png 399w, https:\/\/martineroffinella.fr\/creations\/wp-content\/uploads\/2025\/12\/eclatillesNouveau-192x300.png 192w\" sizes=\"auto, (max-width: 399px) 100vw, 399px\" \/><figcaption class=\"wp-element-caption\"><strong><em>et toujours de la po\u00e9sie !<\/em><\/strong><\/figcaption><\/figure><\/div><\/div>\n<\/div>\n<\/div>\n<\/div>\n\n\n\n<div style=\"height:25px\" aria-hidden=\"true\" class=\"wp-block-spacer\"><\/div>\n","protected":false},"excerpt":{"rendered":"<p>\u00c9crivainePhotographe Nouveaut\u00e9 sortie le 5 mars !<\/p>\n","protected":false},"author":1,"featured_media":0,"parent":0,"menu_order":0,"comment_status":"closed","ping_status":"open","template":"","meta":{"footnotes":""},"class_list":["post-2","page","type-page","status-publish","hentry"],"_links":{"self":[{"href":"https:\/\/martineroffinella.fr\/creations\/wp-json\/wp\/v2\/pages\/2","targetHints":{"allow":["GET"]}}],"collection":[{"href":"https:\/\/martineroffinella.fr\/creations\/wp-json\/wp\/v2\/pages"}],"about":[{"href":"https:\/\/martineroffinella.fr\/creations\/wp-json\/wp\/v2\/types\/page"}],"author":[{"embeddable":true,"href":"https:\/\/martineroffinella.fr\/creations\/wp-json\/wp\/v2\/users\/1"}],"replies":[{"embeddable":true,"href":"https:\/\/martineroffinella.fr\/creations\/wp-json\/wp\/v2\/comments?post=2"}],"version-history":[{"count":50,"href":"https:\/\/martineroffinella.fr\/creations\/wp-json\/wp\/v2\/pages\/2\/revisions"}],"predecessor-version":[{"id":2418,"href":"https:\/\/martineroffinella.fr\/creations\/wp-json\/wp\/v2\/pages\/2\/revisions\/2418"}],"wp:attachment":[{"href":"https:\/\/martineroffinella.fr\/creations\/wp-json\/wp\/v2\/media?parent=2"}],"curies":[{"name":"wp","href":"https:\/\/api.w.org\/{rel}","templated":true}]}}