{"id":225,"date":"2020-05-04T15:47:45","date_gmt":"2020-05-04T13:47:45","guid":{"rendered":"https:\/\/martineroffinella.fr\/creations\/?page_id=225"},"modified":"2025-12-09T12:29:16","modified_gmt":"2025-12-09T11:29:16","slug":"mes-editeurs","status":"publish","type":"page","link":"https:\/\/martineroffinella.fr\/creations\/mes-editeurs\/","title":{"rendered":"Mes \u00e9diteurs"},"content":{"rendered":"\n<p class=\"has-text-align-center has-medium-font-size\"><strong>Remerciements \u00e0 tous les \u00e9diteurs qui me soutiennent dans la construction d&rsquo;une \u0153uvre \u00ab\u00a0prot\u00e9iforme\u00a0\u00bb !<\/strong><\/p>\n\n\n\n<p><\/p>\n\n\n\n<p class=\"has-text-align-center has-normal-font-size\">(Par ordre alphab\u00e9tique)<br><\/p>\n\n\n\n<div style=\"height:36px\" aria-hidden=\"true\" class=\"wp-block-spacer\"><\/div>\n\n\n\n<p class=\"has-medium-font-size\"><a href=\"https:\/\/catalogue.5senseditions.ch\/fr\/search?controller=search&amp;orderby=position&amp;orderway=desc&amp;search_query=roffinella&amp;submit_search=\" target=\"_blank\" rel=\"noreferrer noopener\">5 sens<\/a> \/ <a href=\"http:\/\/www.cariscript.fr\/html\/litterature_-_detail_24.html\" target=\"_blank\" rel=\"noreferrer noopener\">Cariscript<\/a> \/ <a href=\"https:\/\/www.dominiqueleroy.fr\/auteur\/200\/Martine%20Roffinella\" target=\"_blank\" rel=\"noreferrer noopener\">Dominique Leroy<\/a> \/ <a href=\"https:\/\/www.editionsdesutopies.com\/\" target=\"_blank\" rel=\"noreferrer noopener\">\u00c9ditions des Utopies<\/a> \/ \u00c9moticourt \u00e9ditions \/ <a href=\"https:\/\/folazil.gresipc.com\/\" target=\"_blank\" rel=\"noreferrer noopener\">Folazil<\/a> \/ <a href=\"https:\/\/www.bourin-editeur.fr\/catalogue?op=allwords&amp;search=roffinella\" target=\"_blank\" rel=\"noreferrer noopener\">Fran\u00e7ois Bourin<\/a> \/ <a href=\"https:\/\/ho-editions.com\/productdisplay\/les-hommes-grillag%C3%A9s\" target=\"_blank\" rel=\"noreferrer noopener\">H&amp;O \u00e9ditions<\/a> \/ <a href=\"http:\/\/www.editions-bayol.com\/pages\/livres-titres\/fuite.php\" target=\"_blank\" rel=\"noreferrer noopener\">Jean Paul Bayol<\/a> \/ <a href=\"https:\/\/www.lamusardine.com\/litterature\/8921-2932-lesbian-cougar-story.html#\/16-product_type-papier\" target=\"_blank\" rel=\"noreferrer noopener\">La Musardine<\/a> \/ <a href=\"http:\/\/renarderouge.fr\/detail.php?tri=aut&amp;%20deb=0&amp;%20delta=2&amp;%20critere=ref_auteur1,ref_auteur2,ref_illustrateur&amp;%20valeur=ROMA,ROMA,ROMA\" target=\"_blank\" rel=\"noreferrer noopener\">La Renarde Rouge<\/a> \/ <a href=\"http:\/\/www.lemercuredauphinois.fr\/controleur_livres\/view\/se-trouver-en-quittant-tabac-alcool-et-autres-peurs-de-vivre\" target=\"_blank\" rel=\"noreferrer noopener\">Le Mercure Dauphinois<\/a> \/ <a href=\"http:\/\/www.leslettresmouchet\u00e9es.com\/frontpage\/nos-livres\/\" target=\"_blank\" rel=\"noreferrer noopener\">Les Lettres Mouchet\u00e9es<\/a> \/ <a href=\"http:\/\/www.editionslibretto.fr\/elle-martine-roffinella-9782752909343\" target=\"_blank\" rel=\"noreferrer noopener\">Libretto<\/a> \/ <a href=\"http:\/\/www.editionsphebus.fr\/fiche-auteur766\/martine-roffinella\" target=\"_blank\" rel=\"noreferrer noopener\">Ph\u00e9bus<\/a> \/ <a href=\"https:\/\/www.editionspoints.com\/ouvrage\/le-fouet-martine-roffinella\/9782757812044\" target=\"_blank\" rel=\"noreferrer noopener\">Points<\/a> \/ <a href=\"http:\/\/www.editions-rhubarbe.com\/sangfille.htm\" target=\"_blank\" rel=\"noreferrer noopener\">Rhubarbe<\/a> \/ <a href=\"http:\/\/www.sulliver.com\/auteurs\/\" target=\"_blank\" rel=\"noreferrer noopener\">Sulliver<\/a><\/p>\n\n\n\n<div style=\"height:88px\" aria-hidden=\"true\" class=\"wp-block-spacer\"><\/div>\n","protected":false},"excerpt":{"rendered":"<p>Remerciements \u00e0 tous les \u00e9diteurs qui me soutiennent dans la construction d&rsquo;une \u0153uvre \u00ab\u00a0prot\u00e9iforme\u00a0\u00bb ! (Par ordre alphab\u00e9tique) 5 sens&hellip;<\/p>\n","protected":false},"author":1,"featured_media":0,"parent":0,"menu_order":0,"comment_status":"closed","ping_status":"closed","template":"","meta":{"footnotes":""},"class_list":["post-225","page","type-page","status-publish","hentry"],"_links":{"self":[{"href":"https:\/\/martineroffinella.fr\/creations\/wp-json\/wp\/v2\/pages\/225","targetHints":{"allow":["GET"]}}],"collection":[{"href":"https:\/\/martineroffinella.fr\/creations\/wp-json\/wp\/v2\/pages"}],"about":[{"href":"https:\/\/martineroffinella.fr\/creations\/wp-json\/wp\/v2\/types\/page"}],"author":[{"embeddable":true,"href":"https:\/\/martineroffinella.fr\/creations\/wp-json\/wp\/v2\/users\/1"}],"replies":[{"embeddable":true,"href":"https:\/\/martineroffinella.fr\/creations\/wp-json\/wp\/v2\/comments?post=225"}],"version-history":[{"count":1,"href":"https:\/\/martineroffinella.fr\/creations\/wp-json\/wp\/v2\/pages\/225\/revisions"}],"predecessor-version":[{"id":2382,"href":"https:\/\/martineroffinella.fr\/creations\/wp-json\/wp\/v2\/pages\/225\/revisions\/2382"}],"wp:attachment":[{"href":"https:\/\/martineroffinella.fr\/creations\/wp-json\/wp\/v2\/media?parent=225"}],"curies":[{"name":"wp","href":"https:\/\/api.w.org\/{rel}","templated":true}]}}