{"id":506,"date":"2020-05-14T17:43:32","date_gmt":"2020-05-14T15:43:32","guid":{"rendered":"https:\/\/martineroffinella.fr\/creations\/?page_id=506"},"modified":"2020-05-14T17:44:12","modified_gmt":"2020-05-14T15:44:12","slug":"livre-dor","status":"publish","type":"page","link":"https:\/\/martineroffinella.fr\/creations\/livre-dor\/","title":{"rendered":"Livre d&rsquo;Or"},"content":{"rendered":"\n<p><\/p>\n\n\n\n<p class=\"has-text-align-center\"><div class=\"gwolle-gb\"><div class=\"gwolle-gb-messages-top-container\"><\/div>\n\t\t\t<div class=\"gwolle-gb-write-button\">\n\t\t\t\t<input type=\"button\" name=\"gwolle-gb-write-button\" class=\"button btn btn-default \" value=\"\u00c9crire un nouveau message\" aria-expanded=\"false\" \/>\n\t\t\t<\/div>\n\t\t\t<form action=\"#\" method=\"POST\" class=\"gwolle-gb-write gwolle-gb-hide gwolle-gb-float gwolle-gb-form-ajax gwolle-gb-ajax gwolle-gb-not-logged-in\">\n\t\t\t\t<h3>\u00c9crivez un nouveau message dans le Livre d&#39;Or<\/h3>\n\t\t\t\t<button type=\"button\" class=\"gb-notice-dismiss\">x<span class=\"screen-reader-text\">Masquer ce formulaire.<\/span><\/button>\n\t\t\t\n\t\t\t\t<input type=\"hidden\" name=\"gwolle_gb_function\" class=\"gwolle_gb_function\" value=\"add_entry\" \/><input type=\"hidden\" name=\"gwolle_gb_book_id\" class=\"gwolle_gb_book_id\" value=\"1\" \/><div class=\"gwolle_gb_592cf71485ff9e7741156a22b1c19425\">\n\t\t\t\t<div class=\"label\"><label for=\"gwolle_gb_592cf71485ff9e7741156a22b1c19425-1\" class=\"text-info\">Nom <span class=\"required\">*<\/span><\/label><\/div>\n\t\t\t\t<div class=\"input\"><input class=\"wp-exclude-emoji gwolle_gb_592cf71485ff9e7741156a22b1c19425\" value=\"\" type=\"text\" id=\"gwolle_gb_592cf71485ff9e7741156a22b1c19425-1\" name=\"gwolle_gb_592cf71485ff9e7741156a22b1c19425\" required \/><\/div>\n\t\t\t\t<div class=\"clearBoth\">&nbsp;<\/div>\n\t\t\t<\/div><div class=\"gwolle_gb_4f284468db96ccbdfa98b007c82a0bf6\">\n\t\t\t\t<div class=\"label\"><label for=\"gwolle_gb_4f284468db96ccbdfa98b007c82a0bf6-1\" class=\"text-info\">E-mail <span class=\"required\">*<\/span><\/label><\/div>\n\t\t\t\t<div class=\"input\"><input class=\"gwolle_gb_4f284468db96ccbdfa98b007c82a0bf6\" value=\"\" type=\"email\" id=\"gwolle_gb_4f284468db96ccbdfa98b007c82a0bf6-1\" name=\"gwolle_gb_4f284468db96ccbdfa98b007c82a0bf6\" required \/><\/div>\n\t\t\t\t<div class=\"clearBoth\">&nbsp;<\/div>\n\t\t\t<\/div><div class=\"gwolle_gb_445a905c25c4731160ee76cacd0f3e99\">\n\t\t\t\t<div class=\"label\"><label for=\"gwolle_gb_445a905c25c4731160ee76cacd0f3e99-1\" class=\"text-info\">Site web<\/label><\/div>\n\t\t\t\t<div class=\"input\"><input class=\"gwolle_gb_445a905c25c4731160ee76cacd0f3e99\" value=\"\" type=\"url\" id=\"gwolle_gb_445a905c25c4731160ee76cacd0f3e99-1\" name=\"gwolle_gb_445a905c25c4731160ee76cacd0f3e99\" \/><\/div>\n\t\t\t\t<div class=\"clearBoth\">&nbsp;<\/div>\n\t\t\t<\/div>\n\t\t\t<div class=\"gwolle_gb_4a00ca5ecf81eabb9a5035afcf492871\" style=\"display:none;overflow:hidden;\" hidden=\"true\" aria-hidden=\"true\">\n\t\t\t\t<div class=\"label\">\n\t\t\t\t\t<label for=\"gwolle_gb_4a00ca5ecf81eabb9a5035afcf492871-1\" class=\"text-primary\">Ne touchez pas \u00e0 ceci<\/label>\n\t\t\t\t\t<label for=\"gwolle_gb_1d7ed6e1c7789c40a84476e56cfdfd95-1\" class=\"text-primary\">Ne touchez pas \u00e0 ceci<\/label>\n\t\t\t\t<\/div>\n\t\t\t\t<div class=\"input\">\n\t\t\t\t\t<input value=\"49\" type=\"text\" id=\"gwolle_gb_4a00ca5ecf81eabb9a5035afcf492871-1\" name=\"gwolle_gb_4a00ca5ecf81eabb9a5035afcf492871\" class=\"gwolle_gb_4a00ca5ecf81eabb9a5035afcf492871\" style=\"transform: translateY(10000px);\" \/>\n\t\t\t\t\t<input value=\"\" type=\"text\" name=\"gwolle_gb_1d7ed6e1c7789c40a84476e56cfdfd95\" id=\"gwolle_gb_1d7ed6e1c7789c40a84476e56cfdfd95-1\" class=\"gwolle_gb_1d7ed6e1c7789c40a84476e56cfdfd95\" style=\"transform: translateY(10000px);\" \/>\n\t\t\t\t<\/div>\n\t\t\t\t<div class=\"clearBoth\"><\/div>\n\t\t\t<\/div>\n\t\t\t<div class=\"gwolle_gb_ad00f703fa4383354cc7265c113ff055\" style=\"display:none;overflow:hidden;\" hidden=\"true\" aria-hidden=\"true\">\n\t\t\t\t<div class=\"label\">\n\t\t\t\t\t<label for=\"gwolle_gb_ad00f703fa4383354cc7265c113ff055-1\" class=\"text-primary\">Ne touchez pas \u00e0 ceci<\/label>\n\t\t\t\t\t<label for=\"gwolle_gb_4f94ae17d3f51c7716b90d40837165c1-1\" class=\"text-primary\">Ne touchez pas \u00e0 ceci<\/label>\n\t\t\t\t<\/div>\n\t\t\t\t<div class=\"input\">\n\t\t\t\t\t<input value=\"39731\" type=\"text\" id=\"gwolle_gb_ad00f703fa4383354cc7265c113ff055-1\" name=\"gwolle_gb_ad00f703fa4383354cc7265c113ff055\" class=\"gwolle_gb_ad00f703fa4383354cc7265c113ff055\" style=\"transform: translateY(10000px);\" \/>\n\t\t\t\t\t<input value=\"39731\" type=\"text\"id=\"gwolle_gb_4f94ae17d3f51c7716b90d40837165c1-1\" name=\"gwolle_gb_4f94ae17d3f51c7716b90d40837165c1\" class=\"gwolle_gb_4f94ae17d3f51c7716b90d40837165c1\" style=\"transform: translateY(10000px);\" \/>\n\t\t\t\t<\/div>\n\t\t\t\t<div class=\"clearBoth\"><\/div>\n\t\t\t<\/div><div class=\"gwolle_gb_content\">\n\t\t\t\t<div class=\"label\"><label for=\"gwolle_gb_content-1\" class=\"text-info\">Message du livre d\u2019or <span class=\"required\">*<\/span><\/label><\/div>\n\t\t\t\t<div class=\"input\"><textarea id=\"gwolle_gb_content-1\" name=\"gwolle_gb_content\" class=\"gwolle_gb_content wp-exclude-emoji\" required ><\/textarea><\/div>\n\t\t\t\t\t<div class=\"clearBoth\">&nbsp;<\/div>\n\t\t\t\t<\/div><input type=\"hidden\" class=\"gwolle_gb_ba29f994dbce98e883ff5e6351a115cf\" id=\"gwolle_gb_ba29f994dbce98e883ff5e6351a115cf-1\" name=\"gwolle_gb_ba29f994dbce98e883ff5e6351a115cf\" value=\"d96822c9e5\" \/>\n\t\t\t<div class=\"gwolle-gb-messages-bottom-container\"><\/div>\n\n\t\t\t<noscript><div class=\"no-js\">Avertissement\u00a0: Ce formulaire ne peut \u00eatre utilis\u00e9 que si JavaScript est activ\u00e9 dans votre navigateur.<\/div><\/noscript>\n\n\t\t\t<div class=\"gwolle_gb_submit gwolle-gb-submit\">\n\t\t\t\t<div class=\"label gwolle-gb-invisible text-muted\">&nbsp;<\/div>\n\t\t\t\t<div class=\"input\">\n\t\t\t\t\t<input type=\"submit\" name=\"gwolle_gb_submit\" class=\"gwolle_gb_submit button btn btn-primary \" value=\"Envoyer\" \/>\n\t\t\t\t\t<span class=\"gwolle_gb_submit_ajax_icon gwolle-gb-submit-ajax-icon\"><\/span>\n\t\t\t\n\t\t\t\t<\/div>\n\t\t\t\t<div class=\"clearBoth\">&nbsp;<\/div>\n\t\t\t<\/div>\n\n\t\t\t<div class=\"gwolle_gb_notice gwolle-gb-notice\">\n\t\t\t\tLes champs marqu\u00e9s avec un * sont obligatoires.<br \/>\r\nVotre adresse e-mail ne sera pas publi\u00e9e.<br \/>\r\nIl se pourrait que votre message n\u2019apparaisse dans le livre d\u2019Or qu\u2019apr\u00e8s que nous l\u2019ayons v\u00e9rifi\u00e9.<br \/>\r\nNous nous r\u00e9servons le droit de modifier, de supprimer, ou de ne pas publier les messages.\n\t\t\t<\/div><\/form>\n\t\t\t\t<div class=\"page-navigation\">\n\t\t\t\t\t<span class=\"screen-reader-text\">Navigation dans la liste du livre d\u2019or<\/span><span class=\"page-numbers current\">1<\/span><a href=\"https:\/\/martineroffinella.fr\/creations\/livre-dor\/?pageNum=2\" title=\"Page 2\">2<\/a><a href=\"https:\/\/martineroffinella.fr\/creations\/livre-dor\/?pageNum=3\" title=\"Page 3\">3<\/a><a href=\"https:\/\/martineroffinella.fr\/creations\/livre-dor\/?pageNum=2\" title=\"Page suivante\" rel=\"next\">&rarr;<\/a><a href=\"https:\/\/martineroffinella.fr\/creations\/livre-dor\/?show_all=true\" title=\"Tous les messages\">Tous<\/a><\/div>\n\t\t<div class=\"gwolle-gb-read gwolle-gb-ajax gwolle-gb-entries-list\" data-book_id=\"1\" data-page_id=\"1\">\n\t\t<div id=\"gwolle-gb-total\" class=\"gwolle-gb-total\">7 messages.<\/div><!-- Gwolle-GB Entry: Default Template Loaded -->\n\t\t\t\t<div class=\"gb-entry gb-entry_7 gb-entry-count_1 gwolle-gb-uneven gwolle-gb-first\" id=\"gb-entry_7\" data-entry_id=\"7\">\n\t\t\t\t<article>\n\t\t\t\t\t<div class=\"gb-author-info\">\n\t\t\t\t\t\t<span class=\"gb-author-avatar\"><img referrerpolicy=\"no-referrer\" alt='Auberthier' src='https:\/\/secure.gravatar.com\/avatar\/5246eacce8db72ca58ebb86573a581ca0f55f7b659fcb9e5158a6dbb7bf25f4d?s=32&#038;d=identicon&#038;r=g' srcset='https:\/\/secure.gravatar.com\/avatar\/5246eacce8db72ca58ebb86573a581ca0f55f7b659fcb9e5158a6dbb7bf25f4d?s=64&#038;d=identicon&#038;r=g 2x' class='avatar avatar-32 photo' height='32' width='32' \/><\/span>\n\t\t\t\t\t\t<span class=\"gb-author-name\">Auberthier\n\t\t\t\t\t\t<\/span>\n\t\t\t\t\t\t<span class=\"gb-datetime\">\n\t\t\t\t\t\t\t<span class=\"gb-date\"><span class=\"gb-date-wrote-text\"> a \u00e9crit le<\/span><span class=\"gb-date-text\"> 30 ao\u00fbt 2020<\/span>\n\t\t\t\t\t\t\t<\/span><span class=\"gb-time\">\n\t\t\t\t\t\t\t\t\t<span class=\"gb-time-at-text\"> \u00e0<\/span>\n\t\t\t\t\t\t\t\t\t<span class=\"gb-time-text\"> 12 h 09 min<\/span>\n\t\t\t\t\t\t\t\t<\/span>\n\t\t\t\t\t\t<\/span> \n\t\t\t\t\t<\/div>\n\t\t\t\t\t<div class=\"gb-entry-content\">\n\t\t\t\t\t\t<div class=\"gb-entry-excerpt\">Ch\u00e8re Martine, bravo pour votre nouveau site. En revoyant votre bibliographie, que je connais en partie, je me redis que vous \u00eates une \u00e9crivaine dont l\u2019\u0153uvre est marqu\u00e9e d\u2019abord et avant tout par le courage artistique, la singularit\u00e9 assum\u00e9e, un m\u00e9lange de fragilit\u00e9 et de force. Bien \u00e0 vous. Christophe.<\/div>\n\t\t\t\t\t\t<div class=\"gb-entry-full-content gwolle-gb-hide\">Ch\u00e8re Martine, bravo pour votre nouveau site. En revoyant votre bibliographie, que je connais en partie, je me redis que vous \u00eates une \u00e9crivaine dont l\u2019\u0153uvre est marqu\u00e9e d\u2019abord et avant tout par le courage artistique, la singularit\u00e9 assum\u00e9e, un m\u00e9lange de fragilit\u00e9 et de force. Bien \u00e0 vous. Christophe.... <a href=\"#\" class=\"gwolle-gb-readless\" title=\"Replier \u00e0 nouveau ce message\">Replier<\/a><\/div>\n\t\t\t\t\t<\/div>\n\t\t\t\t<\/article>\n\t\t\t<\/div>\n\t\t\t<div class=\"gb-entry gb-entry_6 gb-entry-count_2 gwolle-gb-even\" id=\"gb-entry_6\" data-entry_id=\"6\">\n\t\t\t\t<article>\n\t\t\t\t\t<div class=\"gb-author-info\">\n\t\t\t\t\t\t<span class=\"gb-author-avatar\"><img referrerpolicy=\"no-referrer\" alt='Christine Delcourt' src='https:\/\/secure.gravatar.com\/avatar\/f3dfa26fce72f4bd735d599d199c390f95da8e85376d62a2fb5439dd943fa94b?s=32&#038;d=identicon&#038;r=g' srcset='https:\/\/secure.gravatar.com\/avatar\/f3dfa26fce72f4bd735d599d199c390f95da8e85376d62a2fb5439dd943fa94b?s=64&#038;d=identicon&#038;r=g 2x' class='avatar avatar-32 photo' height='32' width='32' \/><\/span>\n\t\t\t\t\t\t<span class=\"gb-author-name\">Christine Delcourt\n\t\t\t\t\t\t<\/span>\n\t\t\t\t\t\t<span class=\"gb-datetime\">\n\t\t\t\t\t\t\t<span class=\"gb-date\"><span class=\"gb-date-wrote-text\"> a \u00e9crit le<\/span><span class=\"gb-date-text\"> 22 ao\u00fbt 2020<\/span>\n\t\t\t\t\t\t\t<\/span><span class=\"gb-time\">\n\t\t\t\t\t\t\t\t\t<span class=\"gb-time-at-text\"> \u00e0<\/span>\n\t\t\t\t\t\t\t\t\t<span class=\"gb-time-text\"> 11 h 08 min<\/span>\n\t\t\t\t\t\t\t\t<\/span>\n\t\t\t\t\t\t<\/span> \n\t\t\t\t\t<\/div>\n\t\t\t\t\t<div class=\"gb-entry-content\">\n\t\t\t\t\t\t<div class=\"gb-entry-excerpt\">Comme un cheminement, un voyage le long d&#039;une sente qui s&#039;\u00e9largit au fil des ans, jalonn\u00e9e d\u00e9j\u00e0 d&#039;un bon nombre d\u2019\u0153uvres : un bouquet de pens\u00e9es par l\u00e0, une pierre coupante ici, quelques herbes folles, une jungle foisonnante, un jardin \u00e0 l&#039;anglaise, c\u00f4t\u00e9 soleil et c\u00f4t\u00e9 pluie... Martine campe ses paysages \u00e0 plume que veux-tu et pose son regard sur ce qui fait la vie, ses heurts et ses bonheurs. Des approches toujours originales qui ne peuvent laisser indiff\u00e9rent.e.s.<\/div>\n\t\t\t\t\t\t<div class=\"gb-entry-full-content gwolle-gb-hide\">Comme un cheminement, un voyage le long d&#039;une sente qui s&#039;\u00e9largit au fil des ans, jalonn\u00e9e d\u00e9j\u00e0 d&#039;un bon nombre d\u2019\u0153uvres : un bouquet de pens\u00e9es par l\u00e0, une pierre coupante ici, quelques herbes folles, une jungle foisonnante, un jardin \u00e0 l&#039;anglaise, c\u00f4t\u00e9 soleil et c\u00f4t\u00e9 pluie... Martine campe ses paysages \u00e0 plume que veux-tu et pose son regard sur ce qui fait la vie, ses heurts et ses bonheurs. Des approches toujours originales qui ne peuvent laisser indiff\u00e9rent.e.s.... <a href=\"#\" class=\"gwolle-gb-readless\" title=\"Replier \u00e0 nouveau ce message\">Replier<\/a><\/div>\n\t\t\t\t\t<\/div>\n\t\t\t\t<\/article>\n\t\t\t<\/div>\n\t\t\t<div class=\"gb-entry gb-entry_5 gb-entry-count_3 gwolle-gb-uneven\" id=\"gb-entry_5\" data-entry_id=\"5\">\n\t\t\t\t<article>\n\t\t\t\t\t<div class=\"gb-author-info\">\n\t\t\t\t\t\t<span class=\"gb-author-avatar\"><img referrerpolicy=\"no-referrer\" alt='VIGOURT' src='https:\/\/secure.gravatar.com\/avatar\/e4e51ca0d1c15a92b4702571f95b7210dcb29377758afe4471abd412e918f4f8?s=32&#038;d=identicon&#038;r=g' srcset='https:\/\/secure.gravatar.com\/avatar\/e4e51ca0d1c15a92b4702571f95b7210dcb29377758afe4471abd412e918f4f8?s=64&#038;d=identicon&#038;r=g 2x' class='avatar avatar-32 photo' height='32' width='32' \/><\/span>\n\t\t\t\t\t\t<span class=\"gb-author-name\"><a href=\"http:\/\/www.catherine-vigourt.net\" target=\"_blank\" rel=\"nofollow noopener noreferrer\"\n\t\t\t\t\t\t\ttitle=\"Visiter le site web de  VIGOURT: http:\/\/www.catherine-vigourt.net\">VIGOURT<\/a>\n\t\t\t\t\t\t<\/span>\n\t\t\t\t\t\t<span class=\"gb-datetime\">\n\t\t\t\t\t\t\t<span class=\"gb-date\"><span class=\"gb-date-wrote-text\"> a \u00e9crit le<\/span><span class=\"gb-date-text\"> 21 ao\u00fbt 2020<\/span>\n\t\t\t\t\t\t\t<\/span><span class=\"gb-time\">\n\t\t\t\t\t\t\t\t\t<span class=\"gb-time-at-text\"> \u00e0<\/span>\n\t\t\t\t\t\t\t\t\t<span class=\"gb-time-text\"> 16 h 20 min<\/span>\n\t\t\t\t\t\t\t\t<\/span>\n\t\t\t\t\t\t<\/span> \n\t\t\t\t\t<\/div>\n\t\t\t\t\t<div class=\"gb-entry-content\">\n\t\t\t\t\t\t<div class=\"gb-entry-excerpt\">Une \u0153uvre riche, fine, sensuelle. Une \u00e9crivaine g\u00e9n\u00e9reuse et passionn\u00e9e. C&#039;est tout ce qu&#039;il faut \u00e0 notre monde. Merci \u00e0 elle.<\/div>\n\t\t\t\t\t\t<div class=\"gb-entry-full-content gwolle-gb-hide\">Une \u0153uvre riche, fine, sensuelle. Une \u00e9crivaine g\u00e9n\u00e9reuse et passionn\u00e9e. C&#039;est tout ce qu&#039;il faut \u00e0 notre monde. Merci \u00e0 elle.... <a href=\"#\" class=\"gwolle-gb-readless\" title=\"Replier \u00e0 nouveau ce message\">Replier<\/a><\/div>\n\t\t\t\t\t<\/div>\n\t\t\t\t<\/article>\n\t\t\t<\/div>\n\t\t\t<\/div>\n\t\t\t\t<div class=\"page-navigation\">\n\t\t\t\t\t<span class=\"screen-reader-text\">Navigation dans la liste du livre d\u2019or<\/span><span class=\"page-numbers current\">1<\/span><a href=\"https:\/\/martineroffinella.fr\/creations\/livre-dor\/?pageNum=2\" title=\"Page 2\">2<\/a><a href=\"https:\/\/martineroffinella.fr\/creations\/livre-dor\/?pageNum=3\" title=\"Page 3\">3<\/a><a href=\"https:\/\/martineroffinella.fr\/creations\/livre-dor\/?pageNum=2\" title=\"Page suivante\" rel=\"next\">&rarr;<\/a><a href=\"https:\/\/martineroffinella.fr\/creations\/livre-dor\/?show_all=true\" title=\"Tous les messages\">Tous<\/a><\/div>\n\t\t<\/div><\/p>\n\n\n\n<p><\/p>\n","protected":false},"excerpt":{"rendered":"","protected":false},"author":1,"featured_media":0,"parent":0,"menu_order":0,"comment_status":"closed","ping_status":"closed","template":"","meta":{"footnotes":""},"class_list":["post-506","page","type-page","status-publish","hentry"],"_links":{"self":[{"href":"https:\/\/martineroffinella.fr\/creations\/wp-json\/wp\/v2\/pages\/506","targetHints":{"allow":["GET"]}}],"collection":[{"href":"https:\/\/martineroffinella.fr\/creations\/wp-json\/wp\/v2\/pages"}],"about":[{"href":"https:\/\/martineroffinella.fr\/creations\/wp-json\/wp\/v2\/types\/page"}],"author":[{"embeddable":true,"href":"https:\/\/martineroffinella.fr\/creations\/wp-json\/wp\/v2\/users\/1"}],"replies":[{"embeddable":true,"href":"https:\/\/martineroffinella.fr\/creations\/wp-json\/wp\/v2\/comments?post=506"}],"version-history":[{"count":0,"href":"https:\/\/martineroffinella.fr\/creations\/wp-json\/wp\/v2\/pages\/506\/revisions"}],"wp:attachment":[{"href":"https:\/\/martineroffinella.fr\/creations\/wp-json\/wp\/v2\/media?parent=506"}],"curies":[{"name":"wp","href":"https:\/\/api.w.org\/{rel}","templated":true}]}}